{"id":2434,"date":"2026-01-07T09:17:31","date_gmt":"2026-01-07T08:17:31","guid":{"rendered":"https:\/\/mm-industry.pl\/?page_id=2434"},"modified":"2026-01-07T09:21:26","modified_gmt":"2026-01-07T08:21:26","slug":"kariera","status":"publish","type":"page","link":"https:\/\/mm-industry.pl\/en\/kariera\/","title":{"rendered":"CAREER"},"content":{"rendered":"<div data-elementor-type=\"wp-page\" data-elementor-id=\"2434\" class=\"elementor elementor-2434\">\n\t\t\t\t\t\t<section class=\"elementor-section elementor-top-section elementor-element elementor-element-15b77c9 elementor-section-boxed elementor-section-height-default elementor-section-height-default\" data-id=\"15b77c9\" data-element_type=\"section\">\n\t\t\t\t\t\t<div class=\"elementor-container elementor-column-gap-default\">\n\t\t\t\t\t<div class=\"elementor-column elementor-col-50 elementor-top-column elementor-element elementor-element-19bcf1e\" data-id=\"19bcf1e\" data-element_type=\"column\">\n\t\t\t<div class=\"elementor-widget-wrap elementor-element-populated\">\n\t\t\t\t\t\t<div class=\"elementor-element elementor-element-2199ef4 elementor-widget elementor-widget-cz_title\" data-id=\"2199ef4\" data-element_type=\"widget\" data-widget_type=\"cz_title.default\">\n\t\t\t\t<div class=\"elementor-widget-container\">\n\t\t\t\t\t\t\r\n\t\t<div>\r\n\t\t\t<div class=\"cz_title clr cz_mobile_text_center cz_title_pos_inline\"><div class=\"cz_title_content\"><div class=\"cz_wpe_content\"><p><span style=\"color: #308ae6;\">OURS<\/span><\/p><h2>Job offers<\/h2><\/div><\/div><\/div>\r\n\t\t<\/div>\r\n\t\t\r\n\t\t\t\t\t\t<\/div>\n\t\t\t\t<\/div>\n\t\t\t\t<div class=\"elementor-element elementor-element-7447d77 elementor-widget elementor-widget-cz_title\" data-id=\"7447d77\" data-element_type=\"widget\" data-widget_type=\"cz_title.default\">\n\t\t\t\t<div class=\"elementor-widget-container\">\n\t\t\t\t\t\t\r\n\t\t<div>\r\n\t\t\t<div class=\"cz_title clr cz_mobile_text_center cz_title_pos_inline\"><div class=\"cz_title_content\"><div class=\"cz_wpe_content\"><p><span style=\"font-weight: 400;\">We are looking for creative, dynamic, and independent employees who approach their duties with passion and responsibility, employees with experience in the mechanical sector of the chemical, petrochemical, and refining industries. Working at our company offers the opportunity to work on interesting projects, professional development, and membership in a professional team. We encourage you to send your application to the e-mail address provided below.<\/span><\/p><\/div><\/div><\/div>\r\n\t\t<\/div>\r\n\t\t\r\n\t\t\t\t\t\t<\/div>\n\t\t\t\t<\/div>\n\t\t\t\t<div class=\"elementor-element elementor-element-d01a0c1 elementor-widget elementor-widget-button\" data-id=\"d01a0c1\" data-element_type=\"widget\" data-widget_type=\"button.default\">\n\t\t\t\t\t\t\t\t\t\t<a class=\"elementor-button elementor-button-link elementor-size-sm\" href=\"mailto:biuro@mm-industry.com.pl\">\n\t\t\t\t\t\t<span class=\"elementor-button-content-wrapper\">\n\t\t\t\t\t\t\t\t\t<span class=\"elementor-button-text\">Click here to write an email<\/span>\n\t\t\t\t\t<\/span>\n\t\t\t\t\t<\/a>\n\t\t\t\t\t\t\t\t<\/div>\n\t\t\t\t<div class=\"elementor-element elementor-element-7d8667e elementor-widget elementor-widget-cz_title\" data-id=\"7d8667e\" data-element_type=\"widget\" data-widget_type=\"cz_title.default\">\n\t\t\t\t<div class=\"elementor-widget-container\">\n\t\t\t\t\t\t\r\n\t\t<div>\r\n\t\t\t<div class=\"cz_title clr cz_mobile_text_center cz_title_pos_inline\"><div class=\"cz_title_content\"><div class=\"cz_wpe_content\"><p><span style=\"font-weight: 400;\">If we are able to offer you a job, we will invite you to an interview at the earliest possible date.<\/span><\/p><\/div><\/div><\/div>\r\n\t\t<\/div>\r\n\t\t\r\n\t\t\t\t\t\t<\/div>\n\t\t\t\t<\/div>\n\t\t\t\t\t<\/div>\n\t\t<\/div>\n\t\t\t\t<div class=\"elementor-column elementor-col-50 elementor-top-column elementor-element elementor-element-6786e0d\" data-id=\"6786e0d\" data-element_type=\"column\">\n\t\t\t<div class=\"elementor-widget-wrap elementor-element-populated\">\n\t\t\t\t\t\t<div class=\"elementor-element elementor-element-c92a023 elementor-widget elementor-widget-image\" data-id=\"c92a023\" data-element_type=\"widget\" data-widget_type=\"image.default\">\n\t\t\t\t\t\t\t\t\t\t\t\t\t\t\t<img loading=\"lazy\" decoding=\"async\" width=\"1024\" height=\"682\" src=\"https:\/\/mm-industry.pl\/wp-content\/uploads\/2026\/01\/kariera-1024x682.png\" class=\"attachment-large size-large wp-image-2419\" alt=\"Kariera 1024x682\" srcset=\"https:\/\/mm-industry.pl\/wp-content\/uploads\/2026\/01\/kariera-1024x682.png 1024w, https:\/\/mm-industry.pl\/wp-content\/uploads\/2026\/01\/kariera-300x200.png 300w, https:\/\/mm-industry.pl\/wp-content\/uploads\/2026\/01\/kariera-768x512.png 768w, https:\/\/mm-industry.pl\/wp-content\/uploads\/2026\/01\/kariera-600x400.png 600w, https:\/\/mm-industry.pl\/wp-content\/uploads\/2026\/01\/kariera-1000x666.png 1000w, https:\/\/mm-industry.pl\/wp-content\/uploads\/2026\/01\/kariera.png 1280w\" sizes=\"auto, (max-width: 1024px) 100vw, 1024px\" \/>\t\t\t\t\t\t\t\t\t\t\t\t\t\t\t<\/div>\n\t\t\t\t\t<\/div>\n\t\t<\/div>\n\t\t\t\t\t<\/div>\n\t\t<\/section>\n\t\t\t\t<\/div>","protected":false},"excerpt":{"rendered":"<p>NASZE Oferty pracy Poszukujemy kreatywnych, dynamicznych i samodzielnych pracownik\u00f3w, kt\u00f3rzy podejmuj\u0105 &#8230; <\/p>","protected":false},"author":1,"featured_media":0,"parent":0,"menu_order":0,"comment_status":"closed","ping_status":"closed","template":"","meta":{"footnotes":""},"class_list":["post-2434","page","type-page","status-publish","hentry"],"_links":{"self":[{"href":"https:\/\/mm-industry.pl\/en\/wp-json\/wp\/v2\/pages\/2434","targetHints":{"allow":["GET"]}}],"collection":[{"href":"https:\/\/mm-industry.pl\/en\/wp-json\/wp\/v2\/pages"}],"about":[{"href":"https:\/\/mm-industry.pl\/en\/wp-json\/wp\/v2\/types\/page"}],"author":[{"embeddable":true,"href":"https:\/\/mm-industry.pl\/en\/wp-json\/wp\/v2\/users\/1"}],"replies":[{"embeddable":true,"href":"https:\/\/mm-industry.pl\/en\/wp-json\/wp\/v2\/comments?post=2434"}],"version-history":[{"count":10,"href":"https:\/\/mm-industry.pl\/en\/wp-json\/wp\/v2\/pages\/2434\/revisions"}],"predecessor-version":[{"id":2445,"href":"https:\/\/mm-industry.pl\/en\/wp-json\/wp\/v2\/pages\/2434\/revisions\/2445"}],"wp:attachment":[{"href":"https:\/\/mm-industry.pl\/en\/wp-json\/wp\/v2\/media?parent=2434"}],"curies":[{"name":"wp","href":"https:\/\/api.w.org\/{rel}","templated":true}]}}