{"id":2390,"date":"2026-01-07T08:51:13","date_gmt":"2026-01-07T07:51:13","guid":{"rendered":"https:\/\/mm-industry.pl\/?page_id=2390"},"modified":"2026-01-08T08:50:18","modified_gmt":"2026-01-08T07:50:18","slug":"prace-projektowe","status":"publish","type":"page","link":"https:\/\/mm-industry.pl\/en\/prace-projektowe\/","title":{"rendered":"DESIGN WORK"},"content":{"rendered":"<div data-elementor-type=\"wp-page\" data-elementor-id=\"2390\" class=\"elementor elementor-2390\">\n\t\t\t\t\t\t<section class=\"elementor-section elementor-top-section elementor-element elementor-element-15b77c9 elementor-section-boxed elementor-section-height-default elementor-section-height-default\" data-id=\"15b77c9\" data-element_type=\"section\">\n\t\t\t\t\t\t<div class=\"elementor-container elementor-column-gap-default\">\n\t\t\t\t\t<div class=\"elementor-column elementor-col-50 elementor-top-column elementor-element elementor-element-19bcf1e\" data-id=\"19bcf1e\" data-element_type=\"column\">\n\t\t\t<div class=\"elementor-widget-wrap elementor-element-populated\">\n\t\t\t\t\t\t<div class=\"elementor-element elementor-element-2199ef4 elementor-widget elementor-widget-cz_title\" data-id=\"2199ef4\" data-element_type=\"widget\" data-widget_type=\"cz_title.default\">\n\t\t\t\t<div class=\"elementor-widget-container\">\n\t\t\t\t\t\t\r\n\t\t<div>\r\n\t\t\t<div class=\"cz_title clr cz_mobile_text_center cz_title_pos_inline\"><div class=\"cz_title_content\"><div class=\"cz_wpe_content\"><p><span style=\"color: #308ae6;\">Design<\/span><\/p><h2>Work<\/h2><\/div><\/div><\/div>\r\n\t\t<\/div>\r\n\t\t\r\n\t\t\t\t\t\t<\/div>\n\t\t\t\t<\/div>\n\t\t\t\t<div class=\"elementor-element elementor-element-7447d77 elementor-widget elementor-widget-cz_title\" data-id=\"7447d77\" data-element_type=\"widget\" data-widget_type=\"cz_title.default\">\n\t\t\t\t<div class=\"elementor-widget-container\">\n\t\t\t\t\t\t\r\n\t\t<div>\r\n\t\t\t<div class=\"cz_title clr cz_mobile_text_center cz_title_pos_inline\"><div class=\"cz_title_content\"><div class=\"cz_wpe_content\"><p><span style=\"font-weight: 400;\">Our strength lies in our high flexibility and ability to adapt to the needs of the industrial market. We have implemented projects in PC and EPC formats, we cooperate with many design offices offering services of the highest standard, and MM-INDUSTRY's technical staff has unlimited building qualifications in virtually all industries. <\/span><\/p><p>\u00a0<\/p><p><span style=\"font-weight: 400;\">If you want to increase the storage capacity of your tanks, streamline the production process, replace old pipelines with new ones, legalize measuring tanks for media subject to legalization, or modernize part of the installation without having documentation for it, we can carry out such work for you. <\/span><\/p><\/div><\/div><\/div>\r\n\t\t<\/div>\r\n\t\t\r\n\t\t\t\t\t\t<\/div>\n\t\t\t\t<\/div>\n\t\t\t\t\t<\/div>\n\t\t<\/div>\n\t\t\t\t<div class=\"elementor-column elementor-col-50 elementor-top-column elementor-element elementor-element-6786e0d\" data-id=\"6786e0d\" data-element_type=\"column\">\n\t\t\t<div class=\"elementor-widget-wrap elementor-element-populated\">\n\t\t\t\t\t\t<div class=\"elementor-element elementor-element-d1787f0 elementor-widget elementor-widget-cz_gallery\" data-id=\"d1787f0\" data-element_type=\"widget\" data-widget_type=\"cz_gallery.default\">\n\t\t\t\t<div class=\"elementor-widget-container\">\n\t\t\t\t\t<div class=\"cz_grid_p\"><div class=\"cz_grid cz_grid_1 clr cz_hr_grid cz_grid_c2 cz_grid_1_no_title cz_grid_1_mid tac\"><div class=\"cz_grid_item cz_grid_first\"><\/div><div class=\"cz_grid_item\"><div data-title=\"close up industrial metal construction industry\"><a class=\"cz_grid_link\" title=\"close up industrial metal construction industry\" href=\"https:\/\/mm-industry.pl\/wp-content\/uploads\/2026\/01\/projektowe7.jpg\" data-xtra-lightbox><img loading=\"lazy\" decoding=\"async\" width=\"1024\" height=\"640\" src=\"https:\/\/mm-industry.pl\/wp-content\/uploads\/2026\/01\/projektowe7-1024x640.jpg\" class=\"attachment-large size-large wp-image-2396\" alt=\"Projektowe7 1024x640\" srcset=\"https:\/\/mm-industry.pl\/wp-content\/uploads\/2026\/01\/projektowe7-1024x640.jpg 1024w, https:\/\/mm-industry.pl\/wp-content\/uploads\/2026\/01\/projektowe7-300x188.jpg 300w, https:\/\/mm-industry.pl\/wp-content\/uploads\/2026\/01\/projektowe7-768x480.jpg 768w, https:\/\/mm-industry.pl\/wp-content\/uploads\/2026\/01\/projektowe7-600x375.jpg 600w, https:\/\/mm-industry.pl\/wp-content\/uploads\/2026\/01\/projektowe7-1000x625.jpg 1000w, https:\/\/mm-industry.pl\/wp-content\/uploads\/2026\/01\/projektowe7.jpg 1280w\" sizes=\"auto, (max-width: 1024px) 100vw, 1024px\" \/><div class=\"cz_grid_details\"><i class=\"cz_grid_icon fa fa-search\"><\/i><\/div><\/a><\/div><\/div><div class=\"cz_grid_item\"><div data-title=\"Pressure Vessel Tank Isolated\"><a class=\"cz_grid_link\" title=\"Pressure Vessel Tank Isolated\" href=\"https:\/\/mm-industry.pl\/wp-content\/uploads\/2026\/01\/projektowe5.jpg\" data-xtra-lightbox><img loading=\"lazy\" decoding=\"async\" width=\"1024\" height=\"640\" src=\"https:\/\/mm-industry.pl\/wp-content\/uploads\/2026\/01\/projektowe5-1024x640.jpg\" class=\"attachment-large size-large wp-image-2398\" alt=\"Projektowe5 1024x640\" srcset=\"https:\/\/mm-industry.pl\/wp-content\/uploads\/2026\/01\/projektowe5-1024x640.jpg 1024w, https:\/\/mm-industry.pl\/wp-content\/uploads\/2026\/01\/projektowe5-300x188.jpg 300w, https:\/\/mm-industry.pl\/wp-content\/uploads\/2026\/01\/projektowe5-768x480.jpg 768w, https:\/\/mm-industry.pl\/wp-content\/uploads\/2026\/01\/projektowe5-600x375.jpg 600w, https:\/\/mm-industry.pl\/wp-content\/uploads\/2026\/01\/projektowe5-1000x625.jpg 1000w, https:\/\/mm-industry.pl\/wp-content\/uploads\/2026\/01\/projektowe5.jpg 1280w\" sizes=\"auto, (max-width: 1024px) 100vw, 1024px\" \/><div class=\"cz_grid_details\"><i class=\"cz_grid_icon fa fa-search\"><\/i><\/div><\/a><\/div><\/div><div class=\"cz_grid_item\"><div data-title=\"industrial construction isolated on white\"><a class=\"cz_grid_link\" title=\"industrial construction isolated on white\" href=\"https:\/\/mm-industry.pl\/wp-content\/uploads\/2026\/01\/projektowe4.jpg\" data-xtra-lightbox><img loading=\"lazy\" decoding=\"async\" width=\"1024\" height=\"640\" src=\"https:\/\/mm-industry.pl\/wp-content\/uploads\/2026\/01\/projektowe4-1024x640.jpg\" class=\"attachment-large size-large wp-image-2399\" alt=\"Projektowe4 1024x640\" srcset=\"https:\/\/mm-industry.pl\/wp-content\/uploads\/2026\/01\/projektowe4-1024x640.jpg 1024w, https:\/\/mm-industry.pl\/wp-content\/uploads\/2026\/01\/projektowe4-300x188.jpg 300w, https:\/\/mm-industry.pl\/wp-content\/uploads\/2026\/01\/projektowe4-768x480.jpg 768w, https:\/\/mm-industry.pl\/wp-content\/uploads\/2026\/01\/projektowe4-600x375.jpg 600w, https:\/\/mm-industry.pl\/wp-content\/uploads\/2026\/01\/projektowe4-1000x625.jpg 1000w, https:\/\/mm-industry.pl\/wp-content\/uploads\/2026\/01\/projektowe4.jpg 1280w\" sizes=\"auto, (max-width: 1024px) 100vw, 1024px\" \/><div class=\"cz_grid_details\"><i class=\"cz_grid_icon fa fa-search\"><\/i><\/div><\/a><\/div><\/div><div class=\"cz_grid_item\"><div data-title=\"concrete production line isolated on white\"><a class=\"cz_grid_link\" title=\"concrete production line isolated on white\" href=\"https:\/\/mm-industry.pl\/wp-content\/uploads\/2026\/01\/projektowe3.jpg\" data-xtra-lightbox><img loading=\"lazy\" decoding=\"async\" width=\"1024\" height=\"640\" src=\"https:\/\/mm-industry.pl\/wp-content\/uploads\/2026\/01\/projektowe3-1024x640.jpg\" class=\"attachment-large size-large wp-image-2400\" alt=\"Projektowe3 1024x640\" srcset=\"https:\/\/mm-industry.pl\/wp-content\/uploads\/2026\/01\/projektowe3-1024x640.jpg 1024w, https:\/\/mm-industry.pl\/wp-content\/uploads\/2026\/01\/projektowe3-300x188.jpg 300w, https:\/\/mm-industry.pl\/wp-content\/uploads\/2026\/01\/projektowe3-768x480.jpg 768w, https:\/\/mm-industry.pl\/wp-content\/uploads\/2026\/01\/projektowe3-600x375.jpg 600w, https:\/\/mm-industry.pl\/wp-content\/uploads\/2026\/01\/projektowe3-1000x625.jpg 1000w, https:\/\/mm-industry.pl\/wp-content\/uploads\/2026\/01\/projektowe3.jpg 1280w\" sizes=\"auto, (max-width: 1024px) 100vw, 1024px\" \/><div class=\"cz_grid_details\"><i class=\"cz_grid_icon fa fa-search\"><\/i><\/div><\/a><\/div><\/div><div class=\"cz_grid_item\"><div data-title=\"Hydraulic power unit\"><a class=\"cz_grid_link\" title=\"Hydraulic power unit\" href=\"https:\/\/mm-industry.pl\/wp-content\/uploads\/2026\/01\/projektowe2.jpg\" data-xtra-lightbox><img loading=\"lazy\" decoding=\"async\" width=\"1024\" height=\"640\" src=\"https:\/\/mm-industry.pl\/wp-content\/uploads\/2026\/01\/projektowe2-1024x640.jpg\" class=\"attachment-large size-large wp-image-2401\" alt=\"Projektowe2 1024x640\" srcset=\"https:\/\/mm-industry.pl\/wp-content\/uploads\/2026\/01\/projektowe2-1024x640.jpg 1024w, https:\/\/mm-industry.pl\/wp-content\/uploads\/2026\/01\/projektowe2-300x188.jpg 300w, https:\/\/mm-industry.pl\/wp-content\/uploads\/2026\/01\/projektowe2-768x480.jpg 768w, https:\/\/mm-industry.pl\/wp-content\/uploads\/2026\/01\/projektowe2-600x375.jpg 600w, https:\/\/mm-industry.pl\/wp-content\/uploads\/2026\/01\/projektowe2-1000x625.jpg 1000w, https:\/\/mm-industry.pl\/wp-content\/uploads\/2026\/01\/projektowe2.jpg 1280w\" sizes=\"auto, (max-width: 1024px) 100vw, 1024px\" \/><div class=\"cz_grid_details\"><i class=\"cz_grid_icon fa fa-search\"><\/i><\/div><\/a><\/div><\/div><div class=\"cz_grid_item\"><div data-title=\"Machine for industrial pharmaceutical production of medicines, industrial pharmaceutical production concept, isolated on white background\"><a class=\"cz_grid_link\" title=\"Machine for industrial pharmaceutical production of medicines, industrial pharmaceutical production concept, isolated on white background\" href=\"https:\/\/mm-industry.pl\/wp-content\/uploads\/2026\/01\/projektowe1.jpg\" data-xtra-lightbox><img loading=\"lazy\" decoding=\"async\" width=\"1024\" height=\"640\" src=\"https:\/\/mm-industry.pl\/wp-content\/uploads\/2026\/01\/projektowe1-1024x640.jpg\" class=\"attachment-large size-large wp-image-2402\" alt=\"Projektowe1 1024x640\" srcset=\"https:\/\/mm-industry.pl\/wp-content\/uploads\/2026\/01\/projektowe1-1024x640.jpg 1024w, https:\/\/mm-industry.pl\/wp-content\/uploads\/2026\/01\/projektowe1-300x188.jpg 300w, https:\/\/mm-industry.pl\/wp-content\/uploads\/2026\/01\/projektowe1-768x480.jpg 768w, https:\/\/mm-industry.pl\/wp-content\/uploads\/2026\/01\/projektowe1-600x375.jpg 600w, https:\/\/mm-industry.pl\/wp-content\/uploads\/2026\/01\/projektowe1-1000x625.jpg 1000w, https:\/\/mm-industry.pl\/wp-content\/uploads\/2026\/01\/projektowe1.jpg 1280w\" sizes=\"auto, (max-width: 1024px) 100vw, 1024px\" \/><div class=\"cz_grid_details\"><i class=\"cz_grid_icon fa fa-search\"><\/i><\/div><\/a><\/div><\/div><\/div><\/div>\t\t\t\t<\/div>\n\t\t\t\t<\/div>\n\t\t\t\t\t<\/div>\n\t\t<\/div>\n\t\t\t\t\t<\/div>\n\t\t<\/section>\n\t\t\t\t<\/div>","protected":false},"excerpt":{"rendered":"<p>Prace Projektowe Nasz\u0105 si\u0142\u0105 jest bardzo du\u017ca elastyczno\u015b\u0107 i umiej\u0119tno\u015b\u0107 dopasowywania &#8230; <\/p>","protected":false},"author":1,"featured_media":0,"parent":0,"menu_order":0,"comment_status":"closed","ping_status":"closed","template":"","meta":{"footnotes":""},"class_list":["post-2390","page","type-page","status-publish","hentry"],"_links":{"self":[{"href":"https:\/\/mm-industry.pl\/en\/wp-json\/wp\/v2\/pages\/2390","targetHints":{"allow":["GET"]}}],"collection":[{"href":"https:\/\/mm-industry.pl\/en\/wp-json\/wp\/v2\/pages"}],"about":[{"href":"https:\/\/mm-industry.pl\/en\/wp-json\/wp\/v2\/types\/page"}],"author":[{"embeddable":true,"href":"https:\/\/mm-industry.pl\/en\/wp-json\/wp\/v2\/users\/1"}],"replies":[{"embeddable":true,"href":"https:\/\/mm-industry.pl\/en\/wp-json\/wp\/v2\/comments?post=2390"}],"version-history":[{"count":16,"href":"https:\/\/mm-industry.pl\/en\/wp-json\/wp\/v2\/pages\/2390\/revisions"}],"predecessor-version":[{"id":2542,"href":"https:\/\/mm-industry.pl\/en\/wp-json\/wp\/v2\/pages\/2390\/revisions\/2542"}],"wp:attachment":[{"href":"https:\/\/mm-industry.pl\/en\/wp-json\/wp\/v2\/media?parent=2390"}],"curies":[{"name":"wp","href":"https:\/\/api.w.org\/{rel}","templated":true}]}}