{"id":2355,"date":"2026-01-07T08:03:36","date_gmt":"2026-01-07T07:03:36","guid":{"rendered":"https:\/\/mm-industry.pl\/?page_id=2355"},"modified":"2026-01-10T17:44:23","modified_gmt":"2026-01-10T16:44:23","slug":"jakosc","status":"publish","type":"page","link":"https:\/\/mm-industry.pl\/en\/jakosc\/","title":{"rendered":"QUALITY"},"content":{"rendered":"<div data-elementor-type=\"wp-page\" data-elementor-id=\"2355\" class=\"elementor elementor-2355\">\n\t\t\t\t\t\t<section class=\"elementor-section elementor-top-section elementor-element elementor-element-15b77c9 elementor-section-boxed elementor-section-height-default elementor-section-height-default\" data-id=\"15b77c9\" data-element_type=\"section\">\n\t\t\t\t\t\t<div class=\"elementor-container elementor-column-gap-default\">\n\t\t\t\t\t<div class=\"elementor-column elementor-col-50 elementor-top-column elementor-element elementor-element-19bcf1e\" data-id=\"19bcf1e\" data-element_type=\"column\">\n\t\t\t<div class=\"elementor-widget-wrap elementor-element-populated\">\n\t\t\t\t\t\t<div class=\"elementor-element elementor-element-2199ef4 elementor-widget elementor-widget-cz_title\" data-id=\"2199ef4\" data-element_type=\"widget\" data-widget_type=\"cz_title.default\">\n\t\t\t\t<div class=\"elementor-widget-container\">\n\t\t\t\t\t\t\r\n\t\t<div>\r\n\t\t\t<div class=\"cz_title clr cz_mobile_text_center cz_title_pos_inline\"><div class=\"cz_title_content\"><div class=\"cz_wpe_content\"><p><span style=\"color: #308ae6;\">OUR<\/span><\/p><h2>Quality<\/h2><\/div><\/div><\/div>\r\n\t\t<\/div>\r\n\t\t\r\n\t\t\t\t\t\t<\/div>\n\t\t\t\t<\/div>\n\t\t\t\t<div class=\"elementor-element elementor-element-7447d77 elementor-widget elementor-widget-cz_title\" data-id=\"7447d77\" data-element_type=\"widget\" data-widget_type=\"cz_title.default\">\n\t\t\t\t<div class=\"elementor-widget-container\">\n\t\t\t\t\t\t\r\n\t\t<div>\r\n\t\t\t<div class=\"cz_title clr cz_mobile_text_center cz_title_pos_inline\"><div class=\"cz_title_content\"><div class=\"cz_wpe_content\"><p><span style=\"font-weight: 400;\">Due to the fact that <\/span><b>MM-INDUSTRY SP. Z O.O.<\/b><span style=\"font-weight: 400;\"> was registered in the National Court Register on January 2, 2026, we would like to inform and assure you that, as professionals who have been working to the highest standards for many years, we are currently implementing quality management systems. Once these systems have been implemented, we will proceed to have them certified by authorized bodies. <\/span><\/p><\/div><\/div><\/div>\r\n\t\t<\/div>\r\n\t\t\r\n\t\t\t\t\t\t<\/div>\n\t\t\t\t<\/div>\n\t\t\t\t<div class=\"elementor-element elementor-element-4ea0826 elementor-widget elementor-widget-cz_title\" data-id=\"4ea0826\" data-element_type=\"widget\" data-widget_type=\"cz_title.default\">\n\t\t\t\t<div class=\"elementor-widget-container\">\n\t\t\t\t\t\t\r\n\t\t<div>\r\n\t\t\t<div class=\"cz_title clr cz_mobile_text_center cz_title_pos_inline\"><div class=\"cz_title_content\"><div class=\"cz_wpe_content\"><p><b>MM-INDUSTRY SP. Z O.O. is characterized by high quality and timely delivery of your orders.\u00a0 <\/b><\/p><\/div><\/div><\/div>\r\n\t\t<\/div>\r\n\t\t\r\n\t\t\t\t\t\t<\/div>\n\t\t\t\t<\/div>\n\t\t\t\t<div class=\"elementor-element elementor-element-7d8667e elementor-widget elementor-widget-cz_title\" data-id=\"7d8667e\" data-element_type=\"widget\" data-widget_type=\"cz_title.default\">\n\t\t\t\t<div class=\"elementor-widget-container\">\n\t\t\t\t\t\t\r\n\t\t<div>\r\n\t\t\t<div class=\"cz_title clr cz_mobile_text_center cz_title_pos_inline\"><div class=\"cz_title_content\"><div class=\"cz_wpe_content\"><p><span style=\"font-weight: 400;\">We are currently implementing:<\/span><\/p><ol><li style=\"font-weight: 400;\" aria-level=\"1\"><span style=\"font-weight: 400;\">ISO 9001 - Quality Management System<\/span><\/li><li style=\"font-weight: 400;\" aria-level=\"1\"><span style=\"font-weight: 400;\">ISO 14001 - Environmental management system<\/span><\/li><li style=\"font-weight: 400;\" aria-level=\"1\"><span style=\"font-weight: 400;\">ISO 45001 - Occupational health and safety management system<\/span><\/li><li style=\"font-weight: 400;\" aria-level=\"1\"><span style=\"font-weight: 400;\">ISO 3834 - Quality management system for welding<\/span><\/li><li style=\"font-weight: 400;\" aria-level=\"1\"><span style=\"font-weight: 400;\">PN-EN 1090, EXC3 - Execution of steel and aluminum structures<\/span><\/li><\/ol><p><span style=\"font-weight: 400;\">We carry out our work in accordance with the highest standards. Depending on the project, the following NDT tests are performed by certified\/recognized laboratories:<\/span><\/p><ul><li style=\"font-weight: 400;\" aria-level=\"1\"><span style=\"font-weight: 400;\">VT \u2013 visual welds<\/span><\/li><li style=\"font-weight: 400;\" aria-level=\"1\"><span style=\"font-weight: 400;\">PT \u2013 penetrating<\/span><\/li><li style=\"font-weight: 400;\" aria-level=\"1\"><span style=\"font-weight: 400;\">UT \u2013 ultrasonic testing of austenitic welds<\/span><\/li><li style=\"font-weight: 400;\" aria-level=\"1\"><span style=\"font-weight: 400;\">UT \u2013 ultrasonic<\/span><\/li><li style=\"font-weight: 400;\" aria-level=\"1\"><span style=\"font-weight: 400;\">UT \u2013 phased array, tofd<\/span><\/li><li style=\"font-weight: 400;\" aria-level=\"1\"><span style=\"font-weight: 400;\">MT \u2013 magnetic powder<\/span><\/li><li style=\"font-weight: 400;\" aria-level=\"1\"><span style=\"font-weight: 400;\">RT \u2013 radiographic testing<\/span><\/li><li style=\"font-weight: 400;\" aria-level=\"1\"><span style=\"font-weight: 400;\">PMI \u2013 material identification<\/span><\/li><li style=\"font-weight: 400;\" aria-level=\"1\"><span style=\"font-weight: 400;\">HT \u2013 hardness test<\/span><\/li><li style=\"font-weight: 400;\" aria-level=\"1\"><span style=\"font-weight: 400;\">ET \u2013 eddy current testing<\/span><\/li><li style=\"font-weight: 400;\" aria-level=\"1\"><span style=\"font-weight: 400;\">TT \u2013 ultrasonic leak detection<\/span><\/li><li style=\"font-weight: 400;\" aria-level=\"1\"><span style=\"font-weight: 400;\">FT \u2013 ferrite content measurement<\/span><\/li><li style=\"font-weight: 400;\" aria-level=\"1\"><span style=\"font-weight: 400;\">LT \u2013 leak testing<\/span><\/li><\/ul><p><span style=\"font-weight: 400;\">In order to ensure quality and meet our customers' expectations, we have cooperated and will continue to cooperate with entities such as UDT, TDT, WDT, GUM, TUV, DEKRA, SGS,<\/span><\/p><\/div><\/div><\/div>\r\n\t\t<\/div>\r\n\t\t\r\n\t\t\t\t\t\t<\/div>\n\t\t\t\t<\/div>\n\t\t\t\t\t<\/div>\n\t\t<\/div>\n\t\t\t\t<div class=\"elementor-column elementor-col-50 elementor-top-column elementor-element elementor-element-6786e0d\" data-id=\"6786e0d\" data-element_type=\"column\">\n\t\t\t<div class=\"elementor-widget-wrap elementor-element-populated\">\n\t\t\t\t\t\t<div class=\"elementor-element elementor-element-0ef2f89 elementor-widget__width-inherit elementor-widget elementor-widget-video\" data-id=\"0ef2f89\" data-element_type=\"widget\" data-settings=\"{&quot;video_type&quot;:&quot;hosted&quot;,&quot;autoplay&quot;:&quot;yes&quot;,&quot;loop&quot;:&quot;yes&quot;,&quot;play_on_mobile&quot;:&quot;yes&quot;}\" data-widget_type=\"video.default\">\n\t\t\t\t\t\t\t<div class=\"e-hosted-video elementor-wrapper elementor-open-inline\">\n\t\t\t\t\t<video class=\"elementor-video\" src=\"https:\/\/mm-industry.pl\/video\/spawanie.mp4\" autoplay=\"\" loop=\"\" playsinline=\"\" controlslist=\"nodownload\"><\/video>\n\t\t\t\t<\/div>\n\t\t\t\t\t\t<\/div>\n\t\t\t\t<div class=\"elementor-element elementor-element-d1787f0 elementor-widget elementor-widget-cz_gallery\" data-id=\"d1787f0\" data-element_type=\"widget\" data-widget_type=\"cz_gallery.default\">\n\t\t\t\t<div class=\"elementor-widget-container\">\n\t\t\t\t\t<div class=\"cz_grid_p\"><div class=\"cz_grid cz_grid_1 clr cz_hr_grid cz_grid_c2 cz_grid_1_no_title cz_grid_1_mid tac\"><div class=\"cz_grid_item cz_grid_first\"><\/div><div class=\"cz_grid_item\"><div data-title=\"Equipment, cables and piping\"><a class=\"cz_grid_link\" title=\"Equipment, cables and piping\" href=\"https:\/\/mm-industry.pl\/wp-content\/uploads\/2026\/01\/jakosc6.jpg\" data-xtra-lightbox><img loading=\"lazy\" decoding=\"async\" width=\"1024\" height=\"640\" src=\"https:\/\/mm-industry.pl\/wp-content\/uploads\/2026\/01\/jakosc6-1024x640.jpg\" class=\"attachment-large size-large wp-image-2365\" alt=\"Jakosc6 1024x640\" srcset=\"https:\/\/mm-industry.pl\/wp-content\/uploads\/2026\/01\/jakosc6-1024x640.jpg 1024w, https:\/\/mm-industry.pl\/wp-content\/uploads\/2026\/01\/jakosc6-300x188.jpg 300w, https:\/\/mm-industry.pl\/wp-content\/uploads\/2026\/01\/jakosc6-768x480.jpg 768w, https:\/\/mm-industry.pl\/wp-content\/uploads\/2026\/01\/jakosc6-600x375.jpg 600w, https:\/\/mm-industry.pl\/wp-content\/uploads\/2026\/01\/jakosc6-1000x625.jpg 1000w, https:\/\/mm-industry.pl\/wp-content\/uploads\/2026\/01\/jakosc6.jpg 1280w\" sizes=\"auto, (max-width: 1024px) 100vw, 1024px\" \/><div class=\"cz_grid_details\"><i class=\"cz_grid_icon fa fa-search\"><\/i><\/div><\/a><\/div><\/div><div class=\"cz_grid_item\"><div data-title=\"Industrial zone, Steel pipelines, valves and cables\"><a class=\"cz_grid_link\" title=\"Industrial zone, Steel pipelines, valves and cables\" href=\"https:\/\/mm-industry.pl\/wp-content\/uploads\/2026\/01\/jakosc5.jpg\" data-xtra-lightbox><img loading=\"lazy\" decoding=\"async\" width=\"1024\" height=\"640\" src=\"https:\/\/mm-industry.pl\/wp-content\/uploads\/2026\/01\/jakosc5-1024x640.jpg\" class=\"attachment-large size-large wp-image-2366\" alt=\"Jakosc5 1024x640\" srcset=\"https:\/\/mm-industry.pl\/wp-content\/uploads\/2026\/01\/jakosc5-1024x640.jpg 1024w, https:\/\/mm-industry.pl\/wp-content\/uploads\/2026\/01\/jakosc5-300x188.jpg 300w, https:\/\/mm-industry.pl\/wp-content\/uploads\/2026\/01\/jakosc5-768x480.jpg 768w, https:\/\/mm-industry.pl\/wp-content\/uploads\/2026\/01\/jakosc5-600x375.jpg 600w, https:\/\/mm-industry.pl\/wp-content\/uploads\/2026\/01\/jakosc5-1000x625.jpg 1000w, https:\/\/mm-industry.pl\/wp-content\/uploads\/2026\/01\/jakosc5.jpg 1280w\" sizes=\"auto, (max-width: 1024px) 100vw, 1024px\" \/><div class=\"cz_grid_details\"><i class=\"cz_grid_icon fa fa-search\"><\/i><\/div><\/a><\/div><\/div><div class=\"cz_grid_item\"><div data-title=\"group of industrial workers in a refinery - oil processing equipment and machinery\"><a class=\"cz_grid_link\" title=\"group of industrial workers in a refinery - oil processing equipment and machinery\" href=\"https:\/\/mm-industry.pl\/wp-content\/uploads\/2026\/01\/jakosc4.jpg\" data-xtra-lightbox><img loading=\"lazy\" decoding=\"async\" width=\"1024\" height=\"640\" src=\"https:\/\/mm-industry.pl\/wp-content\/uploads\/2026\/01\/jakosc4-1024x640.jpg\" class=\"attachment-large size-large wp-image-2367\" alt=\"Jakosc4 1024x640\" srcset=\"https:\/\/mm-industry.pl\/wp-content\/uploads\/2026\/01\/jakosc4-1024x640.jpg 1024w, https:\/\/mm-industry.pl\/wp-content\/uploads\/2026\/01\/jakosc4-300x188.jpg 300w, https:\/\/mm-industry.pl\/wp-content\/uploads\/2026\/01\/jakosc4-768x480.jpg 768w, https:\/\/mm-industry.pl\/wp-content\/uploads\/2026\/01\/jakosc4-600x375.jpg 600w, https:\/\/mm-industry.pl\/wp-content\/uploads\/2026\/01\/jakosc4-1000x625.jpg 1000w, https:\/\/mm-industry.pl\/wp-content\/uploads\/2026\/01\/jakosc4.jpg 1280w\" sizes=\"auto, (max-width: 1024px) 100vw, 1024px\" \/><div class=\"cz_grid_details\"><i class=\"cz_grid_icon fa fa-search\"><\/i><\/div><\/a><\/div><\/div><div class=\"cz_grid_item\"><div data-title=\"Welder welding stainless steel tank at industry\"><a class=\"cz_grid_link\" title=\"Welder welding stainless steel tank at industry\" href=\"https:\/\/mm-industry.pl\/wp-content\/uploads\/2026\/01\/jakosc3.jpg\" data-xtra-lightbox><img loading=\"lazy\" decoding=\"async\" width=\"1024\" height=\"640\" src=\"https:\/\/mm-industry.pl\/wp-content\/uploads\/2026\/01\/jakosc3-1024x640.jpg\" class=\"attachment-large size-large wp-image-2368\" alt=\"Jakosc3 1024x640\" srcset=\"https:\/\/mm-industry.pl\/wp-content\/uploads\/2026\/01\/jakosc3-1024x640.jpg 1024w, https:\/\/mm-industry.pl\/wp-content\/uploads\/2026\/01\/jakosc3-300x188.jpg 300w, https:\/\/mm-industry.pl\/wp-content\/uploads\/2026\/01\/jakosc3-768x480.jpg 768w, https:\/\/mm-industry.pl\/wp-content\/uploads\/2026\/01\/jakosc3-600x375.jpg 600w, https:\/\/mm-industry.pl\/wp-content\/uploads\/2026\/01\/jakosc3-1000x625.jpg 1000w, https:\/\/mm-industry.pl\/wp-content\/uploads\/2026\/01\/jakosc3.jpg 1280w\" sizes=\"auto, (max-width: 1024px) 100vw, 1024px\" \/><div class=\"cz_grid_details\"><i class=\"cz_grid_icon fa fa-search\"><\/i><\/div><\/a><\/div><\/div><div class=\"cz_grid_item\"><div data-title=\"Technician checking the weldment with Phased  Ultrasonics\"><a class=\"cz_grid_link\" title=\"Technician checking the weldment with Phased  Ultrasonics\" href=\"https:\/\/mm-industry.pl\/wp-content\/uploads\/2026\/01\/jakosc2.jpg\" data-xtra-lightbox><img loading=\"lazy\" decoding=\"async\" width=\"1024\" height=\"640\" src=\"https:\/\/mm-industry.pl\/wp-content\/uploads\/2026\/01\/jakosc2-1024x640.jpg\" class=\"attachment-large size-large wp-image-2369\" alt=\"Jakosc2 1024x640\" srcset=\"https:\/\/mm-industry.pl\/wp-content\/uploads\/2026\/01\/jakosc2-1024x640.jpg 1024w, https:\/\/mm-industry.pl\/wp-content\/uploads\/2026\/01\/jakosc2-300x188.jpg 300w, https:\/\/mm-industry.pl\/wp-content\/uploads\/2026\/01\/jakosc2-768x480.jpg 768w, https:\/\/mm-industry.pl\/wp-content\/uploads\/2026\/01\/jakosc2-600x375.jpg 600w, https:\/\/mm-industry.pl\/wp-content\/uploads\/2026\/01\/jakosc2-1000x625.jpg 1000w, https:\/\/mm-industry.pl\/wp-content\/uploads\/2026\/01\/jakosc2.jpg 1280w\" sizes=\"auto, (max-width: 1024px) 100vw, 1024px\" \/><div class=\"cz_grid_details\"><i class=\"cz_grid_icon fa fa-search\"><\/i><\/div><\/a><\/div><\/div><div class=\"cz_grid_item\"><div data-title=\"The inspector is testing with magnetic particle inspection method to weldolet of the pipeline. Magnetic particle Inspection (MPI) is a non-destructive testing (NDT) process for detecting surface.\"><a class=\"cz_grid_link\" title=\"The inspector is testing with magnetic particle inspection method to weldolet of the pipeline. Magnetic particle Inspection (MPI) is a non-destructive testing (NDT) process for detecting surface.\" href=\"https:\/\/mm-industry.pl\/wp-content\/uploads\/2026\/01\/jakosc1.jpg\" data-xtra-lightbox><img loading=\"lazy\" decoding=\"async\" width=\"1024\" height=\"640\" src=\"https:\/\/mm-industry.pl\/wp-content\/uploads\/2026\/01\/jakosc1-1024x640.jpg\" class=\"attachment-large size-large wp-image-2370\" alt=\"Jakosc1 1024x640\" srcset=\"https:\/\/mm-industry.pl\/wp-content\/uploads\/2026\/01\/jakosc1-1024x640.jpg 1024w, https:\/\/mm-industry.pl\/wp-content\/uploads\/2026\/01\/jakosc1-300x188.jpg 300w, https:\/\/mm-industry.pl\/wp-content\/uploads\/2026\/01\/jakosc1-768x480.jpg 768w, https:\/\/mm-industry.pl\/wp-content\/uploads\/2026\/01\/jakosc1-600x375.jpg 600w, https:\/\/mm-industry.pl\/wp-content\/uploads\/2026\/01\/jakosc1-1000x625.jpg 1000w, https:\/\/mm-industry.pl\/wp-content\/uploads\/2026\/01\/jakosc1.jpg 1280w\" sizes=\"auto, (max-width: 1024px) 100vw, 1024px\" \/><div class=\"cz_grid_details\"><i class=\"cz_grid_icon fa fa-search\"><\/i><\/div><\/a><\/div><\/div><\/div><\/div>\t\t\t\t<\/div>\n\t\t\t\t<\/div>\n\t\t\t\t\t<\/div>\n\t\t<\/div>\n\t\t\t\t\t<\/div>\n\t\t<\/section>\n\t\t\t\t<\/div>","protected":false},"excerpt":{"rendered":"<p>NASZA Jako\u015b\u0107 Z uwagi na fakt, i\u017c MM-INDUSTRY SP. Z O.O. &#8230; <\/p>","protected":false},"author":1,"featured_media":0,"parent":0,"menu_order":0,"comment_status":"closed","ping_status":"closed","template":"","meta":{"footnotes":""},"class_list":["post-2355","page","type-page","status-publish","hentry"],"_links":{"self":[{"href":"https:\/\/mm-industry.pl\/en\/wp-json\/wp\/v2\/pages\/2355","targetHints":{"allow":["GET"]}}],"collection":[{"href":"https:\/\/mm-industry.pl\/en\/wp-json\/wp\/v2\/pages"}],"about":[{"href":"https:\/\/mm-industry.pl\/en\/wp-json\/wp\/v2\/types\/page"}],"author":[{"embeddable":true,"href":"https:\/\/mm-industry.pl\/en\/wp-json\/wp\/v2\/users\/1"}],"replies":[{"embeddable":true,"href":"https:\/\/mm-industry.pl\/en\/wp-json\/wp\/v2\/comments?post=2355"}],"version-history":[{"count":38,"href":"https:\/\/mm-industry.pl\/en\/wp-json\/wp\/v2\/pages\/2355\/revisions"}],"predecessor-version":[{"id":2601,"href":"https:\/\/mm-industry.pl\/en\/wp-json\/wp\/v2\/pages\/2355\/revisions\/2601"}],"wp:attachment":[{"href":"https:\/\/mm-industry.pl\/en\/wp-json\/wp\/v2\/media?parent=2355"}],"curies":[{"name":"wp","href":"https:\/\/api.w.org\/{rel}","templated":true}]}}