{"id":2212,"date":"2026-01-06T21:07:47","date_gmt":"2026-01-06T20:07:47","guid":{"rendered":"https:\/\/mm-industry.pl\/?page_id=2212"},"modified":"2026-01-08T16:49:36","modified_gmt":"2026-01-08T15:49:36","slug":"doswiadczenie","status":"publish","type":"page","link":"https:\/\/mm-industry.pl\/en\/doswiadczenie\/","title":{"rendered":"EXPERIENCE"},"content":{"rendered":"<div data-elementor-type=\"wp-page\" data-elementor-id=\"2212\" class=\"elementor elementor-2212\">\n\t\t\t\t\t\t<section class=\"elementor-section elementor-top-section elementor-element elementor-element-15b77c9 elementor-section-boxed elementor-section-height-default elementor-section-height-default\" data-id=\"15b77c9\" data-element_type=\"section\">\n\t\t\t\t\t\t<div class=\"elementor-container elementor-column-gap-default\">\n\t\t\t\t\t<div class=\"elementor-column elementor-col-50 elementor-top-column elementor-element elementor-element-19bcf1e\" data-id=\"19bcf1e\" data-element_type=\"column\">\n\t\t\t<div class=\"elementor-widget-wrap elementor-element-populated\">\n\t\t\t\t\t\t<div class=\"elementor-element elementor-element-2199ef4 elementor-widget elementor-widget-cz_title\" data-id=\"2199ef4\" data-element_type=\"widget\" data-widget_type=\"cz_title.default\">\n\t\t\t\t<div class=\"elementor-widget-container\">\n\t\t\t\t\t\t\r\n\t\t<div>\r\n\t\t\t<div class=\"cz_title clr cz_mobile_text_center cz_title_pos_inline\"><div class=\"cz_title_content\"><div class=\"cz_wpe_content\"><p><span style=\"color: #308ae6;\">OURS<\/span><\/p><h2>Experience<\/h2><\/div><\/div><\/div>\r\n\t\t<\/div>\r\n\t\t\r\n\t\t\t\t\t\t<\/div>\n\t\t\t\t<\/div>\n\t\t\t\t<div class=\"elementor-element elementor-element-7447d77 elementor-widget elementor-widget-cz_title\" data-id=\"7447d77\" data-element_type=\"widget\" data-widget_type=\"cz_title.default\">\n\t\t\t\t<div class=\"elementor-widget-container\">\n\t\t\t\t\t\t\r\n\t\t<div>\r\n\t\t\t<div class=\"cz_title clr cz_mobile_text_center cz_title_pos_inline\"><div class=\"cz_title_content\"><div class=\"cz_wpe_content\"><p><span style=\"font-weight: 400;\">As technical staff, we have implemented very complex projects. Below, we present the work we have supervised, relying largely on proven, reliable subcontractors.<\/span><\/p><\/div><\/div><\/div>\r\n\t\t<\/div>\r\n\t\t\r\n\t\t\t\t\t\t<\/div>\n\t\t\t\t<\/div>\n\t\t\t\t<div class=\"elementor-element elementor-element-7d8667e elementor-widget elementor-widget-cz_title\" data-id=\"7d8667e\" data-element_type=\"widget\" data-widget_type=\"cz_title.default\">\n\t\t\t\t<div class=\"elementor-widget-container\">\n\t\t\t\t\t\t\r\n\t\t<div>\r\n\t\t\t<div class=\"cz_title clr cz_mobile_text_center cz_title_pos_inline\"><div class=\"cz_title_content\"><div class=\"cz_wpe_content\"><ol style=\"text-align: left;\"><li style=\"font-weight: 400;\" aria-level=\"1\"><span style=\"font-weight: 400;\">Prefabrication and assembly of black steel pipelines, S235, P250GH, P265GH, 16Mo3, 13CrMo4-5, and 10CrMo9-10, as well as higher alloy 25CrMo4 and X10CrMoVNb9-1 (P91\/P92), diameter range from DN15 to DN1200,<\/span><\/li><li style=\"font-weight: 400;\" aria-level=\"1\"><span style=\"font-weight: 400;\">Prefabrication and assembly of stainless steel AISI 304 and acid-resistant AISI 316, AISI 316Ti, AISI 316L, AISI 321, AISI 904L pipelines, diameter range from DN15 to DN1000,<\/span><\/li><li style=\"font-weight: 400;\" aria-level=\"1\"><span style=\"font-weight: 400;\">Prefabrication and assembly of horizontal, vertical, pressure and non-pressure tanks made of black steel S235, P250GH, P265GH, stainless steel AISI 304, and acid-resistant steel AISI 316, AISI 316Ti, AISI 316L, AISI 321,\u00a0<\/span><\/li><li style=\"font-weight: 400;\" aria-level=\"1\"><span style=\"font-weight: 400;\">Manufacture of shell and tube heat exchangers,<\/span><\/li><li style=\"font-weight: 400;\" aria-level=\"1\"><span style=\"font-weight: 400;\">Repairs of columns,<\/span><\/li><li style=\"font-weight: 400;\" aria-level=\"1\"><span style=\"font-weight: 400;\">Renovation and construction of tanks of various capacities,<\/span><\/li><li style=\"font-weight: 400;\" aria-level=\"1\"><span style=\"font-weight: 400;\">Prefabrication\/assembly of steel structures, halls, platforms,\u00a0<\/span><\/li><li style=\"font-weight: 400;\" aria-level=\"1\"><span style=\"font-weight: 400;\">Mechanical work, replacement of bearings, shafts, gearboxes, safety valves, screw\/bucket\/redler conveyors,\u00a0<\/span><\/li><li style=\"font-weight: 400;\" aria-level=\"1\"><span style=\"font-weight: 400;\">Modernisation of industrial plants involving increased production efficiency, provision of maintenance services, participation in annual repairs of plants such as cement factories, oil mills, paper mills, nitrogen plants, chemical plants,\u00a0<\/span><\/li><li style=\"font-weight: 400;\" aria-level=\"1\"><span style=\"font-weight: 400;\">Renovations\/investments in refinery and petrochemical plants \u2013 the work was carried out in accordance with the scope of work received from the contracting authority. We have experience in the construction of industrial plants such as:<\/span><\/li><\/ol><ul><li style=\"font-weight: 400;\" aria-level=\"1\"><span style=\"font-weight: 400;\">Claus<\/span><\/li><li aria-level=\"1\">Reforming + HON<\/li><li style=\"font-weight: 400;\" aria-level=\"1\"><span style=\"font-weight: 400;\">ALK- Alkilacja HF<\/span><\/li><li style=\"font-weight: 400;\" aria-level=\"1\"><span style=\"font-weight: 400;\">HRK - Hydrokraking<\/span><\/li><li style=\"font-weight: 400;\" aria-level=\"1\"><span style=\"font-weight: 400;\">KKII - Kraking Katalityczny II<\/span><\/li><li style=\"font-weight: 400;\" aria-level=\"1\"><span style=\"font-weight: 400;\">DRW II \u2013 Instalacja rurowo wie\u017cowa II<\/span><\/li><li style=\"font-weight: 400;\" aria-level=\"1\"><span style=\"font-weight: 400;\">DRW III \u2013 Instalacja rurowo wie\u017cowa III<\/span><\/li><li style=\"font-weight: 400;\" aria-level=\"1\"><span style=\"font-weight: 400;\">DRW IV \u2013 Instalacja rurowo wie\u017cowa IV<\/span><\/li><li style=\"font-weight: 400;\" aria-level=\"1\"><span style=\"font-weight: 400;\">DRW VI \u2013 Instalacja rurowo wie\u017cowa VI<\/span><\/li><li style=\"font-weight: 400;\" aria-level=\"1\"><span style=\"font-weight: 400;\">Olefiny II<\/span><\/li><li style=\"font-weight: 400;\" aria-level=\"1\"><span style=\"font-weight: 400;\">HOG \u2013 Hydroodsiarczanie gudronu<\/span><\/li><li style=\"font-weight: 400;\" aria-level=\"1\"><span style=\"font-weight: 400;\">OBK \u2013 Odsiarczanie benzyn krakingowych<\/span><\/li><li style=\"font-weight: 400;\" aria-level=\"1\"><span style=\"font-weight: 400;\">TE - Tlenek Etylu<\/span><\/li><li style=\"font-weight: 400;\" aria-level=\"1\"><span style=\"font-weight: 400;\">IOS - Instalacja odsiarczania spalin<\/span><\/li><li style=\"font-weight: 400;\" aria-level=\"1\"><span style=\"font-weight: 400;\">WTiA - Wytw\u00f3rnia tlenu i azotu<\/span><\/li><li style=\"font-weight: 400;\" aria-level=\"1\"><span style=\"font-weight: 400;\">OGS \u2013 Instalacja gaz\u00f3w suchych<\/span><\/li><li style=\"font-weight: 400;\" aria-level=\"1\"><span style=\"font-weight: 400;\">Butadien<\/span><\/li><li style=\"font-weight: 400;\" aria-level=\"1\"><span style=\"font-weight: 400;\">Metateza\u00a0<\/span><\/li><li style=\"font-weight: 400;\" aria-level=\"1\"><span style=\"font-weight: 400;\">PGH + Eter<\/span><\/li><li style=\"font-weight: 400;\" aria-level=\"1\"><span style=\"font-weight: 400;\">HON VII<\/span><\/li><li style=\"font-weight: 400;\" aria-level=\"1\"><span style=\"font-weight: 400;\">EBA \u2013 Ekstrakcja bloku aromat\u00f3w<\/span><\/li><li style=\"font-weight: 400;\" aria-level=\"1\"><span style=\"font-weight: 400;\">Regeneracja Aminy<\/span><\/li><li style=\"font-weight: 400;\" aria-level=\"1\"><span style=\"font-weight: 400;\">EC \u2013 elektrociep\u0142ownia\u00a0<\/span><\/li><li style=\"font-weight: 400;\" aria-level=\"1\"><span style=\"font-weight: 400;\">TGTU III\u00a0<\/span><\/li><li style=\"font-weight: 400;\" aria-level=\"1\"><span style=\"font-weight: 400;\">RGP \u2013 Rozdzielenie gaz\u00f3w p\u0142ynnych\u00a0<\/span><\/li><li style=\"font-weight: 400;\" aria-level=\"1\"><span style=\"font-weight: 400;\">Fenol i Aceton<\/span><\/li><li style=\"font-weight: 400;\" aria-level=\"1\"><span style=\"font-weight: 400;\">Ekspedycja fenolu<\/span><\/li><li style=\"font-weight: 400;\" aria-level=\"1\"><span style=\"font-weight: 400;\">OGK II \u2013<\/span> <span style=\"font-weight: 400;\">Odsiarczanie Gaz\u00f3w Kominowych\u00a0<\/span><\/li><li style=\"font-weight: 400;\" aria-level=\"1\"><span style=\"font-weight: 400;\">Wytw\u00f3rnia wodoru I<\/span><\/li><li style=\"font-weight: 400;\" aria-level=\"1\"><span style=\"font-weight: 400;\">Wytw\u00f3rnia wodoru II<\/span><\/li><li style=\"font-weight: 400;\" aria-level=\"1\"><span style=\"font-weight: 400;\">Paraksylen<\/span><\/li><li style=\"font-weight: 400;\" aria-level=\"1\"><span style=\"font-weight: 400;\">Izomeryzacja<\/span><\/li><li style=\"font-weight: 400;\" aria-level=\"1\"><span style=\"font-weight: 400;\">PWDA \u2013 Przygotowanie Wsadu do Alkilacji<\/span><\/li><li style=\"font-weight: 400;\" aria-level=\"1\"><span style=\"font-weight: 400;\">Instalacja Utylizacji Gaz\u00f3w Zrzutowych Destylacyjnych<\/span><\/li><li style=\"font-weight: 400;\" aria-level=\"1\"><span style=\"font-weight: 400;\">Ekspedycja Olefin<\/span><\/li><li style=\"font-weight: 400;\" aria-level=\"1\"><span style=\"font-weight: 400;\">PTA W\u0142oc\u0142awek<\/span><\/li><\/ul><\/div><\/div><\/div>\r\n\t\t<\/div>\r\n\t\t\r\n\t\t\t\t\t\t<\/div>\n\t\t\t\t<\/div>\n\t\t\t\t\t<\/div>\n\t\t<\/div>\n\t\t\t\t<div class=\"elementor-column elementor-col-50 elementor-top-column elementor-element elementor-element-6786e0d\" data-id=\"6786e0d\" data-element_type=\"column\">\n\t\t\t<div class=\"elementor-widget-wrap elementor-element-populated\">\n\t\t\t\t\t\t<div class=\"elementor-element elementor-element-d1787f0 elementor-widget elementor-widget-cz_gallery\" data-id=\"d1787f0\" data-element_type=\"widget\" data-widget_type=\"cz_gallery.default\">\n\t\t\t\t<div class=\"elementor-widget-container\">\n\t\t\t\t\t<div class=\"cz_grid_p\"><div class=\"cz_grid cz_grid_1 clr cz_hr_grid cz_grid_c2 cz_grid_1_no_title cz_grid_1_mid tac\"><div class=\"cz_grid_item cz_grid_first\"><\/div><div class=\"cz_grid_item\"><div data-title=\"Gas tanks\"><a class=\"cz_grid_link\" title=\"Gas tanks\" href=\"https:\/\/mm-industry.pl\/wp-content\/uploads\/2026\/01\/doswiadczenie12.jpg\" data-xtra-lightbox><img loading=\"lazy\" decoding=\"async\" width=\"1024\" height=\"683\" src=\"https:\/\/mm-industry.pl\/wp-content\/uploads\/2026\/01\/doswiadczenie12-1024x683.jpg\" class=\"attachment-large size-large wp-image-2249\" alt=\"Doswiadczenie12 1024x683\" srcset=\"https:\/\/mm-industry.pl\/wp-content\/uploads\/2026\/01\/doswiadczenie12-1024x683.jpg 1024w, https:\/\/mm-industry.pl\/wp-content\/uploads\/2026\/01\/doswiadczenie12-300x200.jpg 300w, https:\/\/mm-industry.pl\/wp-content\/uploads\/2026\/01\/doswiadczenie12-768x512.jpg 768w, https:\/\/mm-industry.pl\/wp-content\/uploads\/2026\/01\/doswiadczenie12-600x400.jpg 600w, https:\/\/mm-industry.pl\/wp-content\/uploads\/2026\/01\/doswiadczenie12-1000x667.jpg 1000w, https:\/\/mm-industry.pl\/wp-content\/uploads\/2026\/01\/doswiadczenie12.jpg 1500w\" sizes=\"auto, (max-width: 1024px) 100vw, 1024px\" \/><div class=\"cz_grid_details\"><i class=\"cz_grid_icon fa fa-search\"><\/i><\/div><\/a><\/div><\/div><div class=\"cz_grid_item\"><div data-title=\"Air receiver tank for air compressor on power plant project.\"><a class=\"cz_grid_link\" title=\"Air receiver tank for air compressor on power plant project.\" href=\"https:\/\/mm-industry.pl\/wp-content\/uploads\/2026\/01\/doswiadczenie11.jpg\" data-xtra-lightbox><img loading=\"lazy\" decoding=\"async\" width=\"1024\" height=\"683\" src=\"https:\/\/mm-industry.pl\/wp-content\/uploads\/2026\/01\/doswiadczenie11-1024x683.jpg\" class=\"attachment-large size-large wp-image-2250\" alt=\"Doswiadczenie11 1024x683\" srcset=\"https:\/\/mm-industry.pl\/wp-content\/uploads\/2026\/01\/doswiadczenie11-1024x683.jpg 1024w, https:\/\/mm-industry.pl\/wp-content\/uploads\/2026\/01\/doswiadczenie11-300x200.jpg 300w, https:\/\/mm-industry.pl\/wp-content\/uploads\/2026\/01\/doswiadczenie11-768x512.jpg 768w, https:\/\/mm-industry.pl\/wp-content\/uploads\/2026\/01\/doswiadczenie11-600x400.jpg 600w, https:\/\/mm-industry.pl\/wp-content\/uploads\/2026\/01\/doswiadczenie11-1000x667.jpg 1000w, https:\/\/mm-industry.pl\/wp-content\/uploads\/2026\/01\/doswiadczenie11.jpg 1500w\" sizes=\"auto, (max-width: 1024px) 100vw, 1024px\" \/><div class=\"cz_grid_details\"><i class=\"cz_grid_icon fa fa-search\"><\/i><\/div><\/a><\/div><\/div><div class=\"cz_grid_item\"><div data-title=\"Industrial silos\"><a class=\"cz_grid_link\" title=\"Industrial silos\" href=\"https:\/\/mm-industry.pl\/wp-content\/uploads\/2026\/01\/doswiadczenie10.jpg\" data-xtra-lightbox><img loading=\"lazy\" decoding=\"async\" width=\"1024\" height=\"682\" src=\"https:\/\/mm-industry.pl\/wp-content\/uploads\/2026\/01\/doswiadczenie10-1024x682.jpg\" class=\"attachment-large size-large wp-image-2251\" alt=\"Doswiadczenie10 1024x682\" srcset=\"https:\/\/mm-industry.pl\/wp-content\/uploads\/2026\/01\/doswiadczenie10-1024x682.jpg 1024w, https:\/\/mm-industry.pl\/wp-content\/uploads\/2026\/01\/doswiadczenie10-300x200.jpg 300w, https:\/\/mm-industry.pl\/wp-content\/uploads\/2026\/01\/doswiadczenie10-768x512.jpg 768w, https:\/\/mm-industry.pl\/wp-content\/uploads\/2026\/01\/doswiadczenie10-1536x1023.jpg 1536w, https:\/\/mm-industry.pl\/wp-content\/uploads\/2026\/01\/doswiadczenie10-600x400.jpg 600w, https:\/\/mm-industry.pl\/wp-content\/uploads\/2026\/01\/doswiadczenie10-1000x666.jpg 1000w, https:\/\/mm-industry.pl\/wp-content\/uploads\/2026\/01\/doswiadczenie10.jpg 1555w\" sizes=\"auto, (max-width: 1024px) 100vw, 1024px\" \/><div class=\"cz_grid_details\"><i class=\"cz_grid_icon fa fa-search\"><\/i><\/div><\/a><\/div><\/div><div class=\"cz_grid_item\"><div data-title=\"Close-up shot of oil storage tank\"><a class=\"cz_grid_link\" title=\"Close-up shot of oil storage tank\" href=\"https:\/\/mm-industry.pl\/wp-content\/uploads\/2026\/01\/doswiadczenie9.jpg\" data-xtra-lightbox><img loading=\"lazy\" decoding=\"async\" width=\"1024\" height=\"682\" src=\"https:\/\/mm-industry.pl\/wp-content\/uploads\/2026\/01\/doswiadczenie9-1024x682.jpg\" class=\"attachment-large size-large wp-image-2252\" alt=\"Doswiadczenie9 1024x682\" srcset=\"https:\/\/mm-industry.pl\/wp-content\/uploads\/2026\/01\/doswiadczenie9-1024x682.jpg 1024w, https:\/\/mm-industry.pl\/wp-content\/uploads\/2026\/01\/doswiadczenie9-300x200.jpg 300w, https:\/\/mm-industry.pl\/wp-content\/uploads\/2026\/01\/doswiadczenie9-768x512.jpg 768w, https:\/\/mm-industry.pl\/wp-content\/uploads\/2026\/01\/doswiadczenie9-1536x1023.jpg 1536w, https:\/\/mm-industry.pl\/wp-content\/uploads\/2026\/01\/doswiadczenie9-600x400.jpg 600w, https:\/\/mm-industry.pl\/wp-content\/uploads\/2026\/01\/doswiadczenie9-1000x666.jpg 1000w, https:\/\/mm-industry.pl\/wp-content\/uploads\/2026\/01\/doswiadczenie9.jpg 1639w\" sizes=\"auto, (max-width: 1024px) 100vw, 1024px\" \/><div class=\"cz_grid_details\"><i class=\"cz_grid_icon fa fa-search\"><\/i><\/div><\/a><\/div><\/div><div class=\"cz_grid_item\"><div data-title=\"water filter\"><a class=\"cz_grid_link\" title=\"water filter\" href=\"https:\/\/mm-industry.pl\/wp-content\/uploads\/2026\/01\/doswiadczenie8.jpg\" data-xtra-lightbox><img loading=\"lazy\" decoding=\"async\" width=\"1024\" height=\"682\" src=\"https:\/\/mm-industry.pl\/wp-content\/uploads\/2026\/01\/doswiadczenie8-1024x682.jpg\" class=\"attachment-large size-large wp-image-2253\" alt=\"Doswiadczenie8 1024x682\" srcset=\"https:\/\/mm-industry.pl\/wp-content\/uploads\/2026\/01\/doswiadczenie8-1024x682.jpg 1024w, https:\/\/mm-industry.pl\/wp-content\/uploads\/2026\/01\/doswiadczenie8-300x200.jpg 300w, https:\/\/mm-industry.pl\/wp-content\/uploads\/2026\/01\/doswiadczenie8-768x512.jpg 768w, https:\/\/mm-industry.pl\/wp-content\/uploads\/2026\/01\/doswiadczenie8-600x400.jpg 600w, https:\/\/mm-industry.pl\/wp-content\/uploads\/2026\/01\/doswiadczenie8-1000x666.jpg 1000w, https:\/\/mm-industry.pl\/wp-content\/uploads\/2026\/01\/doswiadczenie8.jpg 1223w\" sizes=\"auto, (max-width: 1024px) 100vw, 1024px\" \/><div class=\"cz_grid_details\"><i class=\"cz_grid_icon fa fa-search\"><\/i><\/div><\/a><\/div><\/div><div class=\"cz_grid_item\"><div data-title=\"Industrial interior of water pump, valves, pressure gauges\"><a class=\"cz_grid_link\" title=\"Industrial interior of water pump, valves, pressure gauges\" href=\"https:\/\/mm-industry.pl\/wp-content\/uploads\/2026\/01\/doswiadczenie6.jpg\" data-xtra-lightbox><img loading=\"lazy\" decoding=\"async\" width=\"1024\" height=\"682\" src=\"https:\/\/mm-industry.pl\/wp-content\/uploads\/2026\/01\/doswiadczenie6-1024x682.jpg\" class=\"attachment-large size-large wp-image-2255\" alt=\"Doswiadczenie6 1024x682\" srcset=\"https:\/\/mm-industry.pl\/wp-content\/uploads\/2026\/01\/doswiadczenie6-1024x682.jpg 1024w, https:\/\/mm-industry.pl\/wp-content\/uploads\/2026\/01\/doswiadczenie6-300x200.jpg 300w, https:\/\/mm-industry.pl\/wp-content\/uploads\/2026\/01\/doswiadczenie6-768x512.jpg 768w, https:\/\/mm-industry.pl\/wp-content\/uploads\/2026\/01\/doswiadczenie6-1536x1023.jpg 1536w, https:\/\/mm-industry.pl\/wp-content\/uploads\/2026\/01\/doswiadczenie6-600x400.jpg 600w, https:\/\/mm-industry.pl\/wp-content\/uploads\/2026\/01\/doswiadczenie6-1000x666.jpg 1000w, https:\/\/mm-industry.pl\/wp-content\/uploads\/2026\/01\/doswiadczenie6.jpg 1732w\" sizes=\"auto, (max-width: 1024px) 100vw, 1024px\" \/><div class=\"cz_grid_details\"><i class=\"cz_grid_icon fa fa-search\"><\/i><\/div><\/a><\/div><\/div><div class=\"cz_grid_item\"><div data-title=\"Petrochemical tanks farm on the fuel base, Czech Republic\"><a class=\"cz_grid_link\" title=\"Petrochemical tanks farm on the fuel base, Czech Republic\" href=\"https:\/\/mm-industry.pl\/wp-content\/uploads\/2026\/01\/doswiadczenie5.jpg\" data-xtra-lightbox><img loading=\"lazy\" decoding=\"async\" width=\"1024\" height=\"683\" src=\"https:\/\/mm-industry.pl\/wp-content\/uploads\/2026\/01\/doswiadczenie5-1024x683.jpg\" class=\"attachment-large size-large wp-image-2256\" alt=\"Doswiadczenie5 1024x683\" srcset=\"https:\/\/mm-industry.pl\/wp-content\/uploads\/2026\/01\/doswiadczenie5-1024x683.jpg 1024w, https:\/\/mm-industry.pl\/wp-content\/uploads\/2026\/01\/doswiadczenie5-300x200.jpg 300w, https:\/\/mm-industry.pl\/wp-content\/uploads\/2026\/01\/doswiadczenie5-768x512.jpg 768w, https:\/\/mm-industry.pl\/wp-content\/uploads\/2026\/01\/doswiadczenie5-600x400.jpg 600w, https:\/\/mm-industry.pl\/wp-content\/uploads\/2026\/01\/doswiadczenie5-1000x667.jpg 1000w, https:\/\/mm-industry.pl\/wp-content\/uploads\/2026\/01\/doswiadczenie5.jpg 1200w\" sizes=\"auto, (max-width: 1024px) 100vw, 1024px\" \/><div class=\"cz_grid_details\"><i class=\"cz_grid_icon fa fa-search\"><\/i><\/div><\/a><\/div><\/div><div class=\"cz_grid_item\"><div data-title=\"Industrial details from a natural gas storage facility\"><a class=\"cz_grid_link\" title=\"Industrial details from a natural gas storage facility\" href=\"https:\/\/mm-industry.pl\/wp-content\/uploads\/2026\/01\/doswiadczenie2-1.jpg\" data-xtra-lightbox><img loading=\"lazy\" decoding=\"async\" width=\"1024\" height=\"681\" src=\"https:\/\/mm-industry.pl\/wp-content\/uploads\/2026\/01\/doswiadczenie2-1-1024x681.jpg\" class=\"attachment-large size-large wp-image-2259\" alt=\"Doswiadczenie2 1 1024x681\" srcset=\"https:\/\/mm-industry.pl\/wp-content\/uploads\/2026\/01\/doswiadczenie2-1-1024x681.jpg 1024w, https:\/\/mm-industry.pl\/wp-content\/uploads\/2026\/01\/doswiadczenie2-1-300x200.jpg 300w, https:\/\/mm-industry.pl\/wp-content\/uploads\/2026\/01\/doswiadczenie2-1-768x511.jpg 768w, https:\/\/mm-industry.pl\/wp-content\/uploads\/2026\/01\/doswiadczenie2-1-600x399.jpg 600w, https:\/\/mm-industry.pl\/wp-content\/uploads\/2026\/01\/doswiadczenie2-1-1000x665.jpg 1000w, https:\/\/mm-industry.pl\/wp-content\/uploads\/2026\/01\/doswiadczenie2-1.jpg 1387w\" sizes=\"auto, (max-width: 1024px) 100vw, 1024px\" \/><div class=\"cz_grid_details\"><i class=\"cz_grid_icon fa fa-search\"><\/i><\/div><\/a><\/div><\/div><div class=\"cz_grid_item\"><div data-title=\"Petrochemical tanks farm on the fuel base, Czech Republic\"><a class=\"cz_grid_link\" title=\"Petrochemical tanks farm on the fuel base, Czech Republic\" href=\"https:\/\/mm-industry.pl\/wp-content\/uploads\/2026\/01\/doswiadczenie13.jpg\" data-xtra-lightbox><img loading=\"lazy\" decoding=\"async\" width=\"1024\" height=\"640\" src=\"https:\/\/mm-industry.pl\/wp-content\/uploads\/2026\/01\/doswiadczenie13-1024x640.jpg\" class=\"attachment-large size-large wp-image-2303\" alt=\"Doswiadczenie13 1024x640\" srcset=\"https:\/\/mm-industry.pl\/wp-content\/uploads\/2026\/01\/doswiadczenie13-1024x640.jpg 1024w, https:\/\/mm-industry.pl\/wp-content\/uploads\/2026\/01\/doswiadczenie13-300x188.jpg 300w, https:\/\/mm-industry.pl\/wp-content\/uploads\/2026\/01\/doswiadczenie13-768x480.jpg 768w, https:\/\/mm-industry.pl\/wp-content\/uploads\/2026\/01\/doswiadczenie13-600x375.jpg 600w, https:\/\/mm-industry.pl\/wp-content\/uploads\/2026\/01\/doswiadczenie13-1000x625.jpg 1000w, https:\/\/mm-industry.pl\/wp-content\/uploads\/2026\/01\/doswiadczenie13.jpg 1280w\" sizes=\"auto, (max-width: 1024px) 100vw, 1024px\" \/><div class=\"cz_grid_details\"><i class=\"cz_grid_icon fa fa-search\"><\/i><\/div><\/a><\/div><\/div><div class=\"cz_grid_item\"><div data-title=\"Petrochemical tanks farm on the fuel base, Czech Republic\"><a class=\"cz_grid_link\" title=\"Petrochemical tanks farm on the fuel base, Czech Republic\" href=\"https:\/\/mm-industry.pl\/wp-content\/uploads\/2026\/01\/doswiadczenie14.jpg\" data-xtra-lightbox><img loading=\"lazy\" decoding=\"async\" width=\"1024\" height=\"639\" src=\"https:\/\/mm-industry.pl\/wp-content\/uploads\/2026\/01\/doswiadczenie14-1024x639.jpg\" class=\"attachment-large size-large wp-image-2307\" alt=\"Doswiadczenie14 1024x639\" srcset=\"https:\/\/mm-industry.pl\/wp-content\/uploads\/2026\/01\/doswiadczenie14-1024x639.jpg 1024w, https:\/\/mm-industry.pl\/wp-content\/uploads\/2026\/01\/doswiadczenie14-300x187.jpg 300w, https:\/\/mm-industry.pl\/wp-content\/uploads\/2026\/01\/doswiadczenie14-768x479.jpg 768w, https:\/\/mm-industry.pl\/wp-content\/uploads\/2026\/01\/doswiadczenie14-600x375.jpg 600w, https:\/\/mm-industry.pl\/wp-content\/uploads\/2026\/01\/doswiadczenie14-1000x624.jpg 1000w, https:\/\/mm-industry.pl\/wp-content\/uploads\/2026\/01\/doswiadczenie14.jpg 1280w\" sizes=\"auto, (max-width: 1024px) 100vw, 1024px\" \/><div class=\"cz_grid_details\"><i class=\"cz_grid_icon fa fa-search\"><\/i><\/div><\/a><\/div><\/div><div class=\"cz_grid_item\"><div data-title=\"Tall distillation towers in a chemical plant with wind turbines under the blue sky background.\"><a class=\"cz_grid_link\" title=\"Tall distillation towers in a chemical plant with wind turbines under the blue sky background.\" href=\"https:\/\/mm-industry.pl\/wp-content\/uploads\/2026\/01\/doswiadczenie15.jpg\" data-xtra-lightbox><img loading=\"lazy\" decoding=\"async\" width=\"1024\" height=\"640\" src=\"https:\/\/mm-industry.pl\/wp-content\/uploads\/2026\/01\/doswiadczenie15-1024x640.jpg\" class=\"attachment-large size-large wp-image-2311\" alt=\"Doswiadczenie15 1024x640\" srcset=\"https:\/\/mm-industry.pl\/wp-content\/uploads\/2026\/01\/doswiadczenie15-1024x640.jpg 1024w, https:\/\/mm-industry.pl\/wp-content\/uploads\/2026\/01\/doswiadczenie15-300x188.jpg 300w, https:\/\/mm-industry.pl\/wp-content\/uploads\/2026\/01\/doswiadczenie15-768x480.jpg 768w, https:\/\/mm-industry.pl\/wp-content\/uploads\/2026\/01\/doswiadczenie15-600x375.jpg 600w, https:\/\/mm-industry.pl\/wp-content\/uploads\/2026\/01\/doswiadczenie15-1000x625.jpg 1000w, https:\/\/mm-industry.pl\/wp-content\/uploads\/2026\/01\/doswiadczenie15.jpg 1280w\" sizes=\"auto, (max-width: 1024px) 100vw, 1024px\" \/><div class=\"cz_grid_details\"><i class=\"cz_grid_icon fa fa-search\"><\/i><\/div><\/a><\/div><\/div><div class=\"cz_grid_item\"><div data-title=\"Large paper mill machine in the workshop\"><a class=\"cz_grid_link\" title=\"Large paper mill machine in the workshop\" href=\"https:\/\/mm-industry.pl\/wp-content\/uploads\/2026\/01\/doswiadczenie16.jpg\" data-xtra-lightbox><img loading=\"lazy\" decoding=\"async\" width=\"1024\" height=\"640\" src=\"https:\/\/mm-industry.pl\/wp-content\/uploads\/2026\/01\/doswiadczenie16-1024x640.jpg\" class=\"attachment-large size-large wp-image-2315\" alt=\"Doswiadczenie16 1024x640\" srcset=\"https:\/\/mm-industry.pl\/wp-content\/uploads\/2026\/01\/doswiadczenie16-1024x640.jpg 1024w, https:\/\/mm-industry.pl\/wp-content\/uploads\/2026\/01\/doswiadczenie16-300x188.jpg 300w, https:\/\/mm-industry.pl\/wp-content\/uploads\/2026\/01\/doswiadczenie16-768x480.jpg 768w, https:\/\/mm-industry.pl\/wp-content\/uploads\/2026\/01\/doswiadczenie16-600x375.jpg 600w, https:\/\/mm-industry.pl\/wp-content\/uploads\/2026\/01\/doswiadczenie16-1000x625.jpg 1000w, https:\/\/mm-industry.pl\/wp-content\/uploads\/2026\/01\/doswiadczenie16.jpg 1280w\" sizes=\"auto, (max-width: 1024px) 100vw, 1024px\" \/><div class=\"cz_grid_details\"><i class=\"cz_grid_icon fa fa-search\"><\/i><\/div><\/a><\/div><\/div><\/div><\/div>\t\t\t\t<\/div>\n\t\t\t\t<\/div>\n\t\t\t\t\t<\/div>\n\t\t<\/div>\n\t\t\t\t\t<\/div>\n\t\t<\/section>\n\t\t\t\t<\/div>","protected":false},"excerpt":{"rendered":"<p>NASZE Do\u015bwiadczenie Jako kadra techniczna realizowali\u015bmy bardzo z\u0142o\u017cone projekty, poni\u017cej prezentujemy &#8230; <\/p>","protected":false},"author":1,"featured_media":0,"parent":0,"menu_order":0,"comment_status":"closed","ping_status":"closed","template":"","meta":{"footnotes":""},"class_list":["post-2212","page","type-page","status-publish","hentry"],"_links":{"self":[{"href":"https:\/\/mm-industry.pl\/en\/wp-json\/wp\/v2\/pages\/2212","targetHints":{"allow":["GET"]}}],"collection":[{"href":"https:\/\/mm-industry.pl\/en\/wp-json\/wp\/v2\/pages"}],"about":[{"href":"https:\/\/mm-industry.pl\/en\/wp-json\/wp\/v2\/types\/page"}],"author":[{"embeddable":true,"href":"https:\/\/mm-industry.pl\/en\/wp-json\/wp\/v2\/users\/1"}],"replies":[{"embeddable":true,"href":"https:\/\/mm-industry.pl\/en\/wp-json\/wp\/v2\/comments?post=2212"}],"version-history":[{"count":87,"href":"https:\/\/mm-industry.pl\/en\/wp-json\/wp\/v2\/pages\/2212\/revisions"}],"predecessor-version":[{"id":2552,"href":"https:\/\/mm-industry.pl\/en\/wp-json\/wp\/v2\/pages\/2212\/revisions\/2552"}],"wp:attachment":[{"href":"https:\/\/mm-industry.pl\/en\/wp-json\/wp\/v2\/media?parent=2212"}],"curies":[{"name":"wp","href":"https:\/\/api.w.org\/{rel}","templated":true}]}}